{"id":159,"date":"2018-04-08T12:01:50","date_gmt":"2018-04-08T10:01:50","guid":{"rendered":"http:\/\/www.ungarndeutsche.de\/wp\/hu\/?page_id=159"},"modified":"2018-04-18T19:38:13","modified_gmt":"2018-04-18T17:38:13","slug":"toertenelem","status":"publish","type":"page","link":"http:\/\/www.ungarndeutsche.de\/wp\/hu\/toertenelem\/","title":{"rendered":"T\u00f6rt\u00e9nelem"},"content":{"rendered":"<p><a title=\"Befreiung Ungarns von den T\u00fcrken, pdf\" href=\"http:\/\/www.ungarndeutsche.de\/wp\/hu\/wp-content\/uploads\/sites\/2\/2018\/04\/Befreiung-Ungarns-von-den-T%C3%BCrken.pdf\" target=\"_blank\" rel=\"noopener\">Befreiung Ungarns<\/a>&nbsp;von den T\u00fcrken (Magyarorsz\u00e1g felszabad\u00edt\u00e1sa a t\u00f6r\u00f6k\u00f6k al\u00f3l)<br \/>\n<a href=\"http:\/\/www.ungarndeutsche.de\/wp\/hu\/toertenelem\/a-magyarorszagi-nemetek-toertenete\/a-dunai-svabok\/\">Donauschwaben&nbsp;<\/a>(Dunai n\u00e9metek)<a title=\"Germanen in Pannonien, pdf\" href=\"http:\/\/www.ungarndeutsche.de\/wp\/hu\/wp-content\/uploads\/sites\/2\/2018\/04\/Germanen-in-Pannonien.pdf\" target=\"_blank\" rel=\"noopener\"><br \/>\nGermanen in Pannonien<\/a>&nbsp;(A germ\u00e1nok Pann\u00f3ni\u00e1ban)<\/p>\n<p><a title=\"Geschichte der Ungarndeutschen, pdf\" href=\"http:\/\/www.ungarndeutsche.de\/wp\/hu\/wp-content\/uploads\/sites\/2\/2018\/04\/Geschichte-der-Ungarndeutschen.pdf\" target=\"_blank\" rel=\"noopener\">Geschichte&nbsp;<\/a>der Ungarndeutschen (A magyarorsz\u00e1gi n\u00e9metek t\u00f6rt\u00e9nete)<br \/>\n<a href=\"http:\/\/www.ungarndeutsche.de\/wp\/hu\/talalkozohely\/nemet-nyelv-es-nyelvjarasok\/budapest-nemet-lakossaga\/\">Deutscher Bev\u00f6lkerungsanteil&nbsp;<\/a>in Budapest (Budapest n\u00e9met lakoss\u00e1ga)<br \/>\nNeves magyarorsz\u00e1gi n\u00e9metek a Deutsche Biographie c. honlapon<\/p>\n<p>Neves&nbsp;<a href=\"http:\/\/www.ungarndeutsche.de\/wp\/hu\/ungarndeutsche-namhafte\/\" target=\"_blank\" rel=\"noopener\">magyarorsz\u00e1gi n\u00e9metek<\/a><\/p>\n<p><a title=\"Intellektuelle der Ungarndeutschen, pdf\" href=\"http:\/\/www.ungarndeutsche.de\/wp\/hu\/wp-content\/uploads\/sites\/2\/2018\/04\/Intellektuellen-der-UD_Mayer.pdf\" target=\"_blank\" rel=\"noopener\">Intellektuelle&nbsp;<\/a>der Ungarndeutschen (A magyarorsz\u00e1gi n\u00e9metek \u00e9rtelmis\u00e9ge)<br \/>\nKischludt Kollektiv-<a href=\"http:\/\/www.ungarndeutsche.de\/wp\/hu\/toertenelem\/a-magyarorszagi-nemetek-toertenete\/a-kislodi-kollektiv-magyarositas\/\">Magyarisierungen<\/a>&nbsp;(A kisl\u00f5di kollektiv-magyaros\u00edt\u00e1s)<br \/>\n<a title=\"Kischludt Magyarisierungen, pdf\" href=\"http:\/\/www.ungarndeutsche.de\/wp\/hu\/wp-content\/uploads\/sites\/2\/2018\/04\/Kischludt_Magyarisierung-der-Familiennamen_Tabelle.pdf\" target=\"_blank\" rel=\"noopener\">Kischludt Namensmagyarisierungen<\/a>&nbsp;(A kisl\u00f5di n\u00e9vmagyaros\u00edt\u00e1sok)<br \/>\n<a href=\"http:\/\/www.ungarndeutsche.de\/wp\/hu\/toertenelem\/a-magyarorszagi-nemetek-toertenete\/a-dunai-svabok\/nemetek-az-aradi-vertanuk-soraiban\/\">M\u00e4rtyrer von Arad<\/a>&nbsp;(Az aradi v\u00e9rtan\u00fak)<br \/>\n<a href=\"http:\/\/www.ungarndeutsche.de\/hu\/cms\/index.php?page=assimilanten-und-ihre-rolle-bei-der-magyarisierung\">Assimilanten<\/a>&nbsp;und ihre Rolle bei der Magyarisierung (Az asszimil\u00e1nsok szerepe a magyaros\u00edt\u00e1sn\u00e1l)<br \/>\nNamensmagyarisierungen&nbsp;<a title=\"Namensmagyarisierungen nach Gemeinden, pdf\" href=\"http:\/\/www.ungarndeutsche.de\/wp\/hu\/wp-content\/uploads\/sites\/2\/2018\/04\/Magyarisierte-deutsche-Familiennamen-nach-Doerfern.pdf\" target=\"_blank\" rel=\"noopener\">nach Gemeinden<\/a>&nbsp;(N\u00e9vmagyaros\u00edt\u00e1sok k\u00f6zs\u00e9genk\u00e9nt)<br \/>\n<a href=\"http:\/\/www.ungarndeutsche.de\/wp\/hu\/wp-content\/uploads\/sites\/2\/2018\/04\/Madjarisierungsdrang_historische-Wurzeln.pdf\" target=\"_blank\" rel=\"noopener\">Historische Wurzeln&nbsp;<\/a>des Magyarisierungsdranges&nbsp;<br \/>\n(A magyaros\u00edt\u00e1si t\u00f6rekv\u00e9s t\u00f6rt\u00e9nelmi gy\u00f6kerei)<br \/>\n<a title=\"Ofen-Pesth_1851, pdf\" href=\"http:\/\/www.ungarndeutsche.de\/wp\/hu\/wp-content\/uploads\/sites\/2\/2018\/04\/Ofen-Pesth_1851.pdf\" target=\"_blank\" rel=\"noopener\">Ofen-Pesth<\/a>:&nbsp;deutsches B\u00fcrgertum (Pest-Buda n\u00e9met polg\u00e1rs\u00e1ga)&nbsp;<br \/>\n<a title=\"Sachsen in Siebenb\u00fcrgen, pdf\" href=\"http:\/\/www.ungarndeutsche.de\/wp\/hu\/wp-content\/uploads\/sites\/2\/2018\/04\/Sachsen-in-Siebenbuergen.pdf\" target=\"_blank\" rel=\"noopener\">S\u00e4chsische Bergleute<\/a><a title=\"Sachsen in Siebenb\u00fcrgen, pdf\" href=\"http:\/\/www.ungarndeutsche.de\/wp\/hu\/wp-content\/uploads\/sites\/2\/2018\/04\/Sachsen-in-Siebenbuergen.pdf\" target=\"_blank\" rel=\"noopener\">&nbsp;in Siebenb\u00fcrgen<\/a>&nbsp;(Erd\u00e9ly sz\u00e1sz b\u00e1ny\u00e1szai)<\/p>\n<p>Vertreibung&nbsp;<a href=\"http:\/\/www.ungarndeutsche.de\/wp\/hu\/vertreibung-nach-komitaten-und-gemeinden\/\" target=\"_blank\" rel=\"noopener\">der Ungarndeutschen nach Komitaten und Gemeinden&nbsp;<\/a><br \/>\n(A m. o.-i n\u00e9metek ki\u00fbz\u00e9se megy\u00e9n- \u00e9s k\u00f6zs\u00e9genk\u00e9nt)<br \/>\n<a href=\"http:\/\/www.ungarndeutsche.de\/wp\/hu\/toertenelem\/a-magyarorszagi-nemetek-kenyszerkitelepitese\/\">Vertreibung der Ungarndeutschen&nbsp;<\/a>(Vorbemerkungen) 1&nbsp;<br \/>\n[A m. o.-i n\u00e9metek ki\u00fbz\u00e9se, bevezet\u00e9s, 1]<br \/>\n<a title=\"Vertreibungsdokumente der Alliierten, pdf\" href=\"http:\/\/www.ungarndeutsche.de\/wp\/hu\/wp-content\/uploads\/sites\/2\/2018\/04\/Vertreibungsdokumente.pdf\" target=\"_blank\" rel=\"noopener\">Vertreibungsdokumente&nbsp;<\/a>der Alliierten [A sz\u00f6vets\u00e9gesek kitelep\u00edt\u00e9si dokumentumai]<br \/>\n<a title=\"Vertreibungstransporte in SBZ 1947-48, pdf\" href=\"http:\/\/www.ungarndeutsche.de\/wp\/hu\/wp-content\/uploads\/sites\/2\/2018\/04\/Vertreibungstransporte-in-die-SBZ-1947-48.pdf\" target=\"_blank\" rel=\"noopener\">Vertreibungstransporte&nbsp;<\/a>in die SBZ 1947\/48 [Kitelep\u00edt\u00e9si szerelv\u00e9nyek]<br \/>\n<a title=\"Gedenkkonferenz zur Vertreibung_Zimmermann, pdf\" href=\"http:\/\/www.ungarndeutsche.de\/wp\/hu\/wp-content\/uploads\/sites\/2\/2018\/04\/Gedenkkonferenz-zur-Vertreibung_2007_Zimmermann.pdf\" target=\"_blank\" rel=\"noopener\">Gedenkkonferenz zur Vertreibung 2007<\/a>_Zimmermann [Ki\u00fbz\u00e9si eml\u00e9kkonferencia 2007-ben]<br \/>\nVertreibung &#8211;&nbsp;<a href=\"http:\/\/www.ungarndeutsche.de\/wp\/hu\/toertenelem\/a-magyarorszagi-nemetek-kenyszerkitelepitese\/kitelepitesi-emlekuennepely-2006-budaoersoen\/\">Gedenkkonferenz 2006<\/a><a href=\"http:\/\/www.ungarndeutsche.de\/hu\/cms\/index.php?page=vertreibung---erinnerungsfeier-2006-in-wudersch\">&nbsp;<\/a>in Wudersch [Ki\u00fbz\u00e9si eml\u00e9kkonferencia 2006-ban Buda\u00f6rs\u00f6n]<br \/>\nAlte deutsche Siedlungen im&nbsp;<a title=\"Alte deutsche D\u00f6rfer im Schelitz, pdf\" href=\"http:\/\/www.ungarndeutsche.de\/wp\/hu\/wp-content\/uploads\/sites\/2\/2018\/04\/Zselic_Karten.pdf\" target=\"_blank\" rel=\"noopener\">Schelitz \/ Zselic&nbsp;<br \/>\n<\/a>[Zselic egykori n\u00e9met telep\u00fcl\u00e9sei]<br \/>\nWer sind&nbsp;<a href=\"http:\/\/www.ungarndeutsche.de\/wp\/hu\/toertenelem\/a-magyarorszagi-nemetek-toertenete\/kik-a-magyarorszagi-nemetek-i\/\">die&nbsp;Ungarndeutschen? I&nbsp;<\/a>[Kik a m. o.-i n\u00e9metek? I]<br \/>\nWer sind&nbsp;<a href=\"http:\/\/www.ungarndeutsche.de\/wp\/hu\/toertenelem\/a-magyarorszagi-nemetek-toertenete\/kik-a-magyarorszagi-nemetek-ii\/\">die Ungarndeutschen? II<\/a>&nbsp;[Kik a m. o.-i n\u00e9metek? II]<\/p>\n<p><a href=\"http:\/\/www.ungarndeutsche.de\/wp\/hu\/toertenelem\/a-magyarorszagi-nemetek-kenyszerkitelepitese\/magyar-kitelepuelok-nemetorszagban\/\">Aussiedler&nbsp;<\/a>aus Ungarn in Deutschland [Magyar kitelep\u00fcl\u00f5k N\u00e9metorsz\u00e1gban]<br \/>\nKom\u00e1rom-Esztergom&nbsp;megye nemzetis\u00e9gi lakosainak t\u00f6rt\u00e9nete.<\/p>\n","protected":false},"excerpt":{"rendered":"<p>Befreiung Ungarns&nbsp;von den T\u00fcrken (Magyarorsz\u00e1g felszabad\u00edt\u00e1sa a t\u00f6r\u00f6k\u00f6k al\u00f3l) Donauschwaben&nbsp;(Dunai n\u00e9metek) Germanen in Pannonien&nbsp;(A germ\u00e1nok Pann\u00f3ni\u00e1ban) Geschichte&nbsp;der Ungarndeutschen (A magyarorsz\u00e1gi n\u00e9metek t\u00f6rt\u00e9nete) Deutscher Bev\u00f6lkerungsanteil&nbsp;in Budapest (Budapest n\u00e9met lakoss\u00e1ga) Neves magyarorsz\u00e1gi n\u00e9metek a Deutsche Biographie c. honlapon Neves&nbsp;magyarorsz\u00e1gi n\u00e9metek Intellektuelle&nbsp;der Ungarndeutschen &hellip; <a href=\"http:\/\/www.ungarndeutsche.de\/wp\/hu\/toertenelem\/\">Weiterlesen <span class=\"meta-nav\">&rarr;<\/span><\/a><\/p>\n","protected":false},"author":1,"featured_media":0,"parent":0,"menu_order":0,"comment_status":"closed","ping_status":"closed","template":"","meta":{"ngg_post_thumbnail":0,"footnotes":""},"class_list":["post-159","page","type-page","status-publish","hentry"],"_links":{"self":[{"href":"http:\/\/www.ungarndeutsche.de\/wp\/hu\/wp-json\/wp\/v2\/pages\/159","targetHints":{"allow":["GET"]}}],"collection":[{"href":"http:\/\/www.ungarndeutsche.de\/wp\/hu\/wp-json\/wp\/v2\/pages"}],"about":[{"href":"http:\/\/www.ungarndeutsche.de\/wp\/hu\/wp-json\/wp\/v2\/types\/page"}],"author":[{"embeddable":true,"href":"http:\/\/www.ungarndeutsche.de\/wp\/hu\/wp-json\/wp\/v2\/users\/1"}],"replies":[{"embeddable":true,"href":"http:\/\/www.ungarndeutsche.de\/wp\/hu\/wp-json\/wp\/v2\/comments?post=159"}],"version-history":[{"count":4,"href":"http:\/\/www.ungarndeutsche.de\/wp\/hu\/wp-json\/wp\/v2\/pages\/159\/revisions"}],"predecessor-version":[{"id":796,"href":"http:\/\/www.ungarndeutsche.de\/wp\/hu\/wp-json\/wp\/v2\/pages\/159\/revisions\/796"}],"wp:attachment":[{"href":"http:\/\/www.ungarndeutsche.de\/wp\/hu\/wp-json\/wp\/v2\/media?parent=159"}],"curies":[{"name":"wp","href":"https:\/\/api.w.org\/{rel}","templated":true}]}}