{"id":202,"date":"2018-04-08T12:11:46","date_gmt":"2018-04-08T10:11:46","guid":{"rendered":"http:\/\/www.ungarndeutsche.de\/wp\/hu\/?page_id=202"},"modified":"2018-04-08T12:11:46","modified_gmt":"2018-04-08T10:11:46","slug":"szomor-sumur","status":"publish","type":"page","link":"http:\/\/www.ungarndeutsche.de\/wp\/hu\/toertenelem\/a-magyarorszagi-nemetek-kenyszerkitelepitese\/szomor-sumur\/","title":{"rendered":"Szomor \/ Sumur"},"content":{"rendered":"<p>Ehemals ein deutsches Bauerndorf im Komitat Komorn-Gran einige km von Schambek entfernt. Diese N\u00e4he zur Hauptstadt wurde den Bewohnern zum Verh\u00e4ngnis. Es geh\u00f6rt zu den vier D\u00f6rfern im Komitat (M\u00e1riahalom, Le\u00e1nyv\u00e1r und K\u00f6rnye), aus denen eine Vertreibung stattfand.<br \/>\nVon den 885 Einwohnern (mit Somodor-puszta) waren 723 (81,7%) Deutsche. Davon wurden ca. 650 Personen am 12. 4. 1946 nach Deutschland vertrieben (Dachau, Schw\u00e4bisch Gem\u00fcnd, B\u00f6blingen, Karlsruhe, Heidelberg u. a.).<\/p>\n","protected":false},"excerpt":{"rendered":"<p>Ehemals ein deutsches Bauerndorf im Komitat Komorn-Gran einige km von Schambek entfernt. Diese N\u00e4he zur Hauptstadt wurde den Bewohnern zum Verh\u00e4ngnis. Es geh\u00f6rt zu den vier D\u00f6rfern im Komitat (M\u00e1riahalom, Le\u00e1nyv\u00e1r und K\u00f6rnye), aus denen eine Vertreibung stattfand. Von den &hellip; <a href=\"http:\/\/www.ungarndeutsche.de\/wp\/hu\/toertenelem\/a-magyarorszagi-nemetek-kenyszerkitelepitese\/szomor-sumur\/\">Weiterlesen <span class=\"meta-nav\">&rarr;<\/span><\/a><\/p>\n","protected":false},"author":1,"featured_media":0,"parent":180,"menu_order":0,"comment_status":"closed","ping_status":"closed","template":"","meta":{"ngg_post_thumbnail":0,"footnotes":""},"class_list":["post-202","page","type-page","status-publish","hentry"],"_links":{"self":[{"href":"http:\/\/www.ungarndeutsche.de\/wp\/hu\/wp-json\/wp\/v2\/pages\/202","targetHints":{"allow":["GET"]}}],"collection":[{"href":"http:\/\/www.ungarndeutsche.de\/wp\/hu\/wp-json\/wp\/v2\/pages"}],"about":[{"href":"http:\/\/www.ungarndeutsche.de\/wp\/hu\/wp-json\/wp\/v2\/types\/page"}],"author":[{"embeddable":true,"href":"http:\/\/www.ungarndeutsche.de\/wp\/hu\/wp-json\/wp\/v2\/users\/1"}],"replies":[{"embeddable":true,"href":"http:\/\/www.ungarndeutsche.de\/wp\/hu\/wp-json\/wp\/v2\/comments?post=202"}],"version-history":[{"count":1,"href":"http:\/\/www.ungarndeutsche.de\/wp\/hu\/wp-json\/wp\/v2\/pages\/202\/revisions"}],"predecessor-version":[{"id":203,"href":"http:\/\/www.ungarndeutsche.de\/wp\/hu\/wp-json\/wp\/v2\/pages\/202\/revisions\/203"}],"up":[{"embeddable":true,"href":"http:\/\/www.ungarndeutsche.de\/wp\/hu\/wp-json\/wp\/v2\/pages\/180"}],"wp:attachment":[{"href":"http:\/\/www.ungarndeutsche.de\/wp\/hu\/wp-json\/wp\/v2\/media?parent=202"}],"curies":[{"name":"wp","href":"https:\/\/api.w.org\/{rel}","templated":true}]}}