{"id":218,"date":"2018-04-08T12:15:06","date_gmt":"2018-04-08T10:15:06","guid":{"rendered":"http:\/\/www.ungarndeutsche.de\/wp\/hu\/?page_id=218"},"modified":"2018-04-08T12:15:06","modified_gmt":"2018-04-08T10:15:06","slug":"boly-bohl-geschichtliches","status":"publish","type":"page","link":"http:\/\/www.ungarndeutsche.de\/wp\/hu\/koezsegek\/boly-bohl-geschichtliches\/","title":{"rendered":"B\u00f3ly \/ Bohl &#8211; Geschichtliches"},"content":{"rendered":"<table width=\"100%\">\n<tbody>\n<tr>\n<td width=\"336\"><strong>B\u00f3ly<\/strong><\/td>\n<td width=\"346\"><strong>Bohl<\/strong><\/td>\n<\/tr>\n<tr>\n<td width=\"336\">Szent L\u00e1szl\u00f3 kir\u00e1ly uralkod\u00e1sa idej\u00e9b\u0151l, az 1093-b\u00f3l sz\u00e1rmaz\u00f3 birtokadom\u00e1nyoz\u00f3 lev\u00e9l az els\u0151 \u00edr\u00e1sos eml\u00e9k a telep\u00fcl\u00e9sr\u0151l, amely Bolok n\u00e9ven egyh\u00e1zi birtokk\u00e9nt eml\u00edti meg a falut.&nbsp;A t\u00f6r\u00f6k h\u00f3dolts\u00e1g tragikus 150 \u00e9ve alatt a k\u00f6zs\u00e9g szinte teljesen eln\u00e9ptelenedett. 1703-ban hadi \u00e9rdemeinek jutalm\u00e1ul a vid\u00e9k Batthy\u00e1ny \u00c1d\u00e1m gr\u00f3f tulajdon\u00e1ba ker\u00fcl, aki az uradalom k\u00f6zpontj\u00e1ul v\u00e1lasztja B\u00f3lyt. A kialakul\u00f3 uradalmi k\u00f6zpontot M\u00e1ria Ter\u00e9zia uralkod\u00e1sa alatt n\u00e9met jobb\u00e1gyokkal n\u00e9pes\u00edtett\u00e9k be.&nbsp;Ut\u00f3daik lakj\u00e1k ma is a telep\u00fcl\u00e9st. A XIX. sz\u00e1zad v\u00e9g\u00e9n a falu \u00e9s az uradalom &#8211; h\u00e1zass\u00e1gk\u00f6t\u00e9s r\u00e9v\u00e9n &#8211; a Montenuovo hercegi csal\u00e1d birtok\u00e1ba ker\u00fclt \u00e9s maradt 1945-ig. A Batthy\u00e1nyiak, Montenuo-vok idej\u00e9n alakult ki a telep\u00fcl\u00e9s mai arculata, ligetes utc\u00e1ival, k\u00f6zter\u00fcleteivel. Ekkor v\u00e1lt a t\u00e9rs\u00e9g k\u00f6zpontj\u00e1v\u00e1, s v\u00e1lt h\u00edress\u00e9 k\u00e9zm\u0171ipara. Az \u00fajkori n\u00e9pv\u00e1ndorl\u00e1s sem ker\u00fclte el a telep\u00fcl\u00e9st. A m\u00e1sodik vil\u00e1gh\u00e1bor\u00fa ut\u00e1n a N\u00e9metorsz\u00e1gba kitelep\u00edtettek hely\u00e9re felvid\u00e9ki \u00e9s bihari magyarok \u00e9rkeztek.<\/td>\n<td width=\"346\">Die Schenkungsurkunde aus der Regierungszeit des Heiligen Stefan ist die \u00e4lteste Urkunde \u00fcber die Siedlung, in ihr wird das Dorf unter dem Namen Bolok als Kirchenbesitz erw\u00e4hnt. In den 150 Jahren der t\u00fcrkischen Besatzung entv\u00f6lkerte sich die Gemeinde g\u00e4nzlich. F\u00fcr seine milit\u00e4rischen Verdienste kam die Gegend 1703 in der Besitz von Graf Adam Batty\u00e1ny. Er w\u00e4hlte Bohl als Zentrum seiner G\u00fcter. Der sich entwickelnde Mittelpunkt der Gutsverwaltung wurde zur Zeit Maria Theresias mit deutschen Leibeigenen bev\u00f6lkert. Ihre Nachkommen bewohnen heute noch die Siedlung. Ende des 19. Jahrhunderts kam das Dorf und Gut \u2013 durch Heirat \u2013 in den Besitz der Familie des Herzogs Montenuovo und blieb es bis 1945. Zur Zeit der Batty\u00e1nys und Montenuovos entwickelte sich das heutige Bild der Siedlung mit ihren parkartigen Stra\u00dfen und Pl\u00e4tzen. Damals wurde sie zentraler Ort der Region, und ihr Handwerk ber\u00fchmt.&nbsp; Die neuzeitliche V\u00f6lkerwanderung machte keinen Bogen um die Siedlung. Anstelle der nach Deutschland Umgesiedelten kamen Ungarn aus der Slowakei und Bihar.<\/td>\n<\/tr>\n<tr>\n<td width=\"336\">Dun\u00e1nt\u00fali Napl\u00f3, 2001. m\u00e1jus 11.<\/td>\n<td width=\"346\">Aus: Dun\u00e1nt\u00fali Napl\u00f3, 11.&nbsp;MaI 2001<\/td>\n<\/tr>\n<\/tbody>\n<\/table>\n","protected":false},"excerpt":{"rendered":"<p>B\u00f3ly Bohl Szent L\u00e1szl\u00f3 kir\u00e1ly uralkod\u00e1sa idej\u00e9b\u0151l, az 1093-b\u00f3l sz\u00e1rmaz\u00f3 birtokadom\u00e1nyoz\u00f3 lev\u00e9l az els\u0151 \u00edr\u00e1sos eml\u00e9k a telep\u00fcl\u00e9sr\u0151l, amely Bolok n\u00e9ven egyh\u00e1zi birtokk\u00e9nt eml\u00edti meg a falut.&nbsp;A t\u00f6r\u00f6k h\u00f3dolts\u00e1g tragikus 150 \u00e9ve alatt a k\u00f6zs\u00e9g szinte teljesen eln\u00e9ptelenedett. 1703-ban hadi &hellip; <a href=\"http:\/\/www.ungarndeutsche.de\/wp\/hu\/koezsegek\/boly-bohl-geschichtliches\/\">Weiterlesen <span class=\"meta-nav\">&rarr;<\/span><\/a><\/p>\n","protected":false},"author":1,"featured_media":0,"parent":208,"menu_order":0,"comment_status":"closed","ping_status":"closed","template":"","meta":{"ngg_post_thumbnail":0,"footnotes":""},"class_list":["post-218","page","type-page","status-publish","hentry"],"_links":{"self":[{"href":"http:\/\/www.ungarndeutsche.de\/wp\/hu\/wp-json\/wp\/v2\/pages\/218","targetHints":{"allow":["GET"]}}],"collection":[{"href":"http:\/\/www.ungarndeutsche.de\/wp\/hu\/wp-json\/wp\/v2\/pages"}],"about":[{"href":"http:\/\/www.ungarndeutsche.de\/wp\/hu\/wp-json\/wp\/v2\/types\/page"}],"author":[{"embeddable":true,"href":"http:\/\/www.ungarndeutsche.de\/wp\/hu\/wp-json\/wp\/v2\/users\/1"}],"replies":[{"embeddable":true,"href":"http:\/\/www.ungarndeutsche.de\/wp\/hu\/wp-json\/wp\/v2\/comments?post=218"}],"version-history":[{"count":1,"href":"http:\/\/www.ungarndeutsche.de\/wp\/hu\/wp-json\/wp\/v2\/pages\/218\/revisions"}],"predecessor-version":[{"id":219,"href":"http:\/\/www.ungarndeutsche.de\/wp\/hu\/wp-json\/wp\/v2\/pages\/218\/revisions\/219"}],"up":[{"embeddable":true,"href":"http:\/\/www.ungarndeutsche.de\/wp\/hu\/wp-json\/wp\/v2\/pages\/208"}],"wp:attachment":[{"href":"http:\/\/www.ungarndeutsche.de\/wp\/hu\/wp-json\/wp\/v2\/media?parent=218"}],"curies":[{"name":"wp","href":"https:\/\/api.w.org\/{rel}","templated":true}]}}