{"id":83,"date":"2018-04-08T11:37:01","date_gmt":"2018-04-08T09:37:01","guid":{"rendered":"http:\/\/www.ungarndeutsche.de\/wp\/hu\/?page_id=83"},"modified":"2018-04-17T17:29:53","modified_gmt":"2018-04-17T15:29:53","slug":"pilisvoeroesvar-elso-nemet-telepesei","status":"publish","type":"page","link":"http:\/\/www.ungarndeutsche.de\/wp\/hu\/eredetkutatas\/eredetkutatasi-cikkek\/pilisvoeroesvar-elso-nemet-telepesei\/","title":{"rendered":"Pilisv\u00f6r\u00f6sv\u00e1r els\u00f5 n\u00e9met telepesei"},"content":{"rendered":"<p><a title=\"Pilisv\u00f6r\u00f6sv\u00e1r-Werischwar\" href=\"http:\/\/www.ungarndeutsche.de\/wp\/hu\/pilisvoeroesvar-werischwar_du\/\" target=\"_blank\" rel=\"noopener\">Die ersten deutschen Siedler von V\u00f6r\u00f6sv\u00e1r \/ Werischwar<\/a>&nbsp;[Pilisv\u00f6r\u00f6sv\u00e1r els\u00f5 n\u00e9met telepesei]<\/p>\n","protected":false},"excerpt":{"rendered":"<p>Die ersten deutschen Siedler von V\u00f6r\u00f6sv\u00e1r \/ Werischwar&nbsp;[Pilisv\u00f6r\u00f6sv\u00e1r els\u00f5 n\u00e9met telepesei]<\/p>\n","protected":false},"author":1,"featured_media":0,"parent":31,"menu_order":0,"comment_status":"closed","ping_status":"closed","template":"","meta":{"ngg_post_thumbnail":0,"footnotes":""},"class_list":["post-83","page","type-page","status-publish","hentry"],"_links":{"self":[{"href":"http:\/\/www.ungarndeutsche.de\/wp\/hu\/wp-json\/wp\/v2\/pages\/83","targetHints":{"allow":["GET"]}}],"collection":[{"href":"http:\/\/www.ungarndeutsche.de\/wp\/hu\/wp-json\/wp\/v2\/pages"}],"about":[{"href":"http:\/\/www.ungarndeutsche.de\/wp\/hu\/wp-json\/wp\/v2\/types\/page"}],"author":[{"embeddable":true,"href":"http:\/\/www.ungarndeutsche.de\/wp\/hu\/wp-json\/wp\/v2\/users\/1"}],"replies":[{"embeddable":true,"href":"http:\/\/www.ungarndeutsche.de\/wp\/hu\/wp-json\/wp\/v2\/comments?post=83"}],"version-history":[{"count":3,"href":"http:\/\/www.ungarndeutsche.de\/wp\/hu\/wp-json\/wp\/v2\/pages\/83\/revisions"}],"predecessor-version":[{"id":729,"href":"http:\/\/www.ungarndeutsche.de\/wp\/hu\/wp-json\/wp\/v2\/pages\/83\/revisions\/729"}],"up":[{"embeddable":true,"href":"http:\/\/www.ungarndeutsche.de\/wp\/hu\/wp-json\/wp\/v2\/pages\/31"}],"wp:attachment":[{"href":"http:\/\/www.ungarndeutsche.de\/wp\/hu\/wp-json\/wp\/v2\/media?parent=83"}],"curies":[{"name":"wp","href":"https:\/\/api.w.org\/{rel}","templated":true}]}}