{"id":487,"date":"2018-03-28T10:44:30","date_gmt":"2018-03-28T10:44:30","guid":{"rendered":"http:\/\/www.ungarndeutsche.de\/wp\/?page_id=487"},"modified":"2018-04-03T13:49:31","modified_gmt":"2018-04-03T13:49:31","slug":"geschichte-der-ungarndeutschen-ii","status":"publish","type":"page","link":"http:\/\/www.ungarndeutsche.de\/wp\/geschichte\/geschichte-der-ungarndeutschen-ii\/","title":{"rendered":"Geschichte der Ungarndeutschen II"},"content":{"rendered":"<h3>&nbsp;<\/h3>\n<table style=\"font-weight: 400;\" width=\"100%\">\n<tbody>\n<tr>\n<td width=\"18%\">Bis Anfang des 18. Jahrh.<\/td>\n<td width=\"81%\">Abnahme der Bev\u00f6lkerung Ungarns auf 3,5 Mio. &gt; V. a. die ehemals t\u00fcrkisch besetzten Gebiete sind menschenleer. &gt; Ver\u00e4nderung der ethnischen Struktur durch Zuzug von nichtungarischen Siedlern aus dem In- und Ausland.<\/td>\n<\/tr>\n<tr>\n<td width=\"18%\">1689\u200b_<\/td>\n<td width=\"81%\">Erzbischof Graf L. Kollonich reicht Kaiser Leopold I. (1657-1705) sein&nbsp;<em>Einrichtungswerk&nbsp;<\/em>des K\u00f6nigreichs Ungarn ein: Erstes habsburgisches Impopulationspatent (Besiedlungspatent) &gt; Aufbau der Verwaltung, Ansiedlung von Deutschen in Ungarn u. a. &gt; Die deutschen Siedler stammen aus S- und SW-Deutschland. Organisatoren der&nbsp;<em>Ansiedlung<\/em>&nbsp;sind die Hofkammer und Gro\u00dfgrundbesitzer &gt; neue Siedlungsgebiete; [Siehe dazu den Buchauszug&nbsp;<a href=\"http:\/\/www.ungarndeutsche.de\/wp\/geschichte\/geschichte-der-ungarndeutschen\/neubesiedlung-der-befreiten-gebiete\/\">Ansiedlung&nbsp;<\/a>der Ungarndeutschen! Kurz und b\u00fcndig \u00fcber die&nbsp;<a href=\"http:\/\/www.ungarndeutsche.de\/wp\/geschichte\/geschichte-der-ungarndeutschen\/donauschwaben\/\">Donauschwaben<\/a>]<\/td>\n<\/tr>\n<tr>\n<td width=\"18%\">18. Jahrh.<\/td>\n<td width=\"81%\">6 neue deutsche&nbsp;<em>Siedlungsgebiete<\/em>: 1) Transdanubisches Mittelgebirge (Buchenwald\/Bakony, Schildgebirge\/V\u00e9rtes, Geretschgebirge\/Gerecse, Ofner Bergland\/Budai hegys\u00e9g und Donauwinkel-Gebirge\/Dunazughegys\u00e9g), 2) S\u00fcd\u00f6stliches Transdanubien (Schw\u00e4bische T\u00fcrkei: Komitate Tolnau\/Tolna, Branau\/Baranya und Schomodei\/Somogy)(<a href=\"http:\/\/www.ungarndeutsche.de\/wp\/wp-content\/uploads\/2018\/03\/Zselic_Karten.pdf\">Schelitz<\/a>), 3) Ostungarn (Komitat Sathmar\/Szatm\u00e1r), 4) Slawonien und Syrmien, 5) Die Batschka\/B\u00e1cska und 6) Das Banat (<a href=\"http:\/\/www.ungarndeutsche.de\/wp\/wp-content\/uploads\/2018\/03\/Bekeser-deutsche-Siedlungskarte.doc\">Karte<\/a>)<\/td>\n<\/tr>\n<tr>\n<td width=\"18%\">1693<\/td>\n<td width=\"81%\">Aus dem S-Schwarzwald kommen Siedler nach&nbsp;<em><a href=\"http:\/\/www.ungarndeutsche.de\/wp\/ahnenforschung\/ahnenforschungs-artikel\/pilisvoeroesvar-werischwar\/\">Werischwar<\/a><a href=\"http:\/\/www.ungarndeutsche.de\/de\/cms\/werischwar_d.html\">\/<\/a>Pilisv\u00f6r\u00f6sv\u00e1r.<\/em><\/td>\n<\/tr>\n<tr>\n<td width=\"18%\">1694<\/td>\n<td width=\"81%\">Erste Siedler aus Schwaben kommen nach&nbsp;<em>Dorog&nbsp;<\/em>bei Gran\/Esztergom.<\/td>\n<\/tr>\n<tr>\n<td width=\"18%\">1700<\/td>\n<td width=\"81%\">Grundherr Grassalkovich siedelt Els\u00e4sser in&nbsp;<em>Tscholnok\/Csolnok<\/em>&nbsp;bei Dorog an.<\/td>\n<\/tr>\n<tr>\n<td width=\"18%\">1702<\/td>\n<td width=\"81%\">Ansiedlung von Deutschen aus verschiedenen Herkunftsgebieten in&nbsp;<em>Taath\/T\u00e1t<\/em>&nbsp;bei Gran.<\/td>\n<\/tr>\n<tr>\n<td width=\"18%\">1709 \u2013 1711<\/td>\n<td width=\"81%\">Ansiedlungsaktion in&nbsp;<em>Ofen, Pesth, Altofen<\/em>&nbsp;und den benachbarten D\u00f6rfern: 54-60% der Kolonisten kommen aus deutschen und \u00f6sterreichischen Provinzen. R\u00fcckschlag bei der Neubesiedlung \u2013 auch in der Schw\u00e4bischen T\u00fcrkei \u2013 durch den Kurutzenkrieg (1704\u201311).<\/td>\n<\/tr>\n<tr>\n<td width=\"18%\">1712<\/td>\n<td width=\"81%\">Graf K\u00e1rolyi beginnt Kolonisten aus Oberschwaben (zw. Bodensee und Donau) im Komitat<em>&nbsp;Sathmar\/Szatm\u00e1r<\/em>anzusiedeln: In 31 D\u00f6rfern lassen sich 2 072 Familien mit etwa 10 000 \u2013 11 000 Personen nieder. Unter ihnen sind auch Schweizer, Franken und Badenser.<\/td>\n<\/tr>\n<tr>\n<td width=\"18%\">1718<\/td>\n<td width=\"81%\">Befreiung des&nbsp;<em>Banat<\/em>s von den T\u00fcrken &gt; habsburgische Milit\u00e4rverwaltung (bis 1778): erster Verwalter ist Graf Mercy &gt; Ausbau einer s\u00fcdlichen Schutzlinie und wirtschaftlicher Wiederaufbau [Literatur (unten): L\u00e4ngrin, Unvergessene Heimat Banat]<\/td>\n<\/tr>\n<tr>\n<td width=\"18%\">1719<\/td>\n<td width=\"81%\"><em>Mercy-Plan<\/em>&nbsp;f\u00fcr die Ansiedlung des Banats mit deutschen Kolonisten (organisiert durch die Hofkammer: erster Aufschwung 1722 &gt; Aufbau der D\u00f6rfer mit staatlicher Finanzierung und Planung durch Ingenieure nach staatlichen Vorgaben &gt; Gr\u00f6\u00dfe des Bauernhofs: 24 kj Ackerland, 6 kj Wiese, 3 kj Weide, 1 kj Bauplatz + Garten; viele andere Verg\u00fcnstigungen)<\/td>\n<\/tr>\n<tr>\n<td width=\"18%\">10\u201320-er Jahre des 18. Jahrh.<\/td>\n<td width=\"81%\">Beginn der gro\u00dfen Siedlungsaktion 1722: Besiedlung des Komitats&nbsp;<em>Tolnau\/Tolna<\/em>; Die Siedler m\u00fcssen mindestens \u00fcber ein Verm\u00f6gen von 200 Gulden verf\u00fcgen, denn sie bekommen zu dieser Zeit nur Land und Baugrundst\u00fcck. &gt; Im 18. Jahrh. werden in der&nbsp;<em>Schw\u00e4bischen T\u00fcrkei<\/em>&nbsp;61 Gemeinden von Deutschen besiedelt. Ansiedlungszeiten in der Tolnau: 1713: Gy\u00f6nk und Tevel, 1718: Vars\u00e1d, Tab und K\u00e9szi, 1719: Kism\u00e1nyok und Fels\u00f5n\u00e1na, 1720: Majos und T\u00f3f\u00fb<\/td>\n<\/tr>\n<tr>\n<td width=\"18%\">1720<\/td>\n<td width=\"81%\">Die Stadt&nbsp;<em>Ofen\/Buda<\/em>&nbsp;hat 12 000 Einwohner (47% Deutsche, 42% Serben, wenige Ungarn); Fortsetzung der deutschen Ansiedlung im Komitat Komorn-Gran: Somor\/Szomor und Schitte\/S\u00fctt\u00f5<\/td>\n<\/tr>\n<tr>\n<td width=\"18%\">1723<\/td>\n<td width=\"81%\">Landtagsbeschluss von Pressburg\/Pozsony schuf die rechtlichen Grundlagen f\u00fcr die Einwanderung: Bauern und Handwerker sollten angesiedelt werden. Aber nach wie vor dominiert die Ansiedlung von Kolonisten durch private Grundherrschaften.<\/td>\n<\/tr>\n<tr>\n<td width=\"18%\">1733 \u2013 1750<\/td>\n<td width=\"81%\">Besiedlung der 11&nbsp;<em>Esterh\u00e1zy<\/em>\u2019schen D\u00f6rfer im Kreis&nbsp;<em>Totis\/Tata<\/em>&nbsp;mit Kolonisten aus den Bist\u00fcmern Bamberg, W\u00fcrzburg, Mainz, Speyer, Trier und Freiburg; starke Zunahme der Deutschen in Ofen und Pesth (s. Tabelle \u00fcber&nbsp;<a href=\"http:\/\/www.ungarndeutsche.de\/wp\/wp-content\/uploads\/2018\/03\/diagramme.doc\">die Deutschen in Pesth<\/a>)<\/td>\n<\/tr>\n<tr>\n<td width=\"18%\">1755<\/td>\n<td width=\"81%\">Ansiedlung von Deutschen in&nbsp;<em>Leinwar\/Le\u00e1nyv\u00e1r<\/em>&nbsp;im Kreis Gran<\/td>\n<\/tr>\n<tr>\n<td width=\"18%\">1763 \u2013 1773<\/td>\n<td width=\"81%\"><em>Zweite deutsche Ansiedlungswelle<\/em>&nbsp;&gt; Kosten f\u00fcr die Schatzkammer 200 000 Gulden\/Jahr &gt; 40 000 deutsche Kolonisten kommen nach S\u00fcd-Ungarn (v. a. in die Batschka, ins Banat, auch in die Schw\u00e4bische T\u00fcrkei &gt; unter ihnen Bergleute, Steinbrucharbeiter, Eisen- und Kupferschmiede aus der Zips und Steiermark)<\/td>\n<\/tr>\n<tr>\n<td width=\"18%\">1767<\/td>\n<td width=\"81%\">Anzahl der Deutschen in der Tolnau: ca. 75 000 (13 200 Familien)<\/td>\n<\/tr>\n<tr>\n<td width=\"18%\">1768 \u2013 1771<\/td>\n<td width=\"81%\">H\u00f6hepunkt der Ansiedlung: 17 000 Kolonisten aus Lothringen, Trier, dem Elsass, dem Schwarzwald, Baden-Baden, Schwaben, Tirol und der Schweiz siedeln sich in Ungarn an.<\/td>\n<\/tr>\n<tr>\n<td width=\"18%\">1773<\/td>\n<td width=\"81%\">Maria Theresia stoppt die staatliche&nbsp;<em>Finanzierung der Kolonisation<\/em>; nach 2 \u2013 3 Jahren wird auch die grundherrschaftliche Ansiedlung eingestellt.<\/td>\n<\/tr>\n<tr>\n<td width=\"18%\">1778<\/td>\n<td width=\"81%\">Das<em>&nbsp;Banat<\/em>&nbsp;kommt \u2013 auf Anordnung von Maria Theresia \u2013 wieder unter ungarische Verwaltung. &gt; Ungarn d\u00fcrfen sich jetzt auch ansiedeln.<\/td>\n<\/tr>\n<tr>\n<td width=\"18%\">80-er Jahre<\/td>\n<td width=\"81%\">Im Gro\u00dfraum Ofen-Altofen-Pesth und Umgebung leben 55 000 Menschen (65-70% sind deutscher Abstammung).<\/td>\n<\/tr>\n<tr>\n<td width=\"18%\">1782<\/td>\n<td width=\"81%\">21. September:&nbsp;<em>Impopulationspatent&nbsp;<\/em>von Joseph II. (1780 \u2013 1790): Neuaufnahme der staatlich finanzierten Siedlungsaktion in allen Siedlungsgebieten &gt; Kosten 4,000.000 Gulden (unter Maria Theresia halb soviel) &gt; gro\u00dfz\u00fcgige Ausstattung der Siedler (Haus, ein Paar Ochsen, 2 Pferde, 1 Kuh, 1 Wagen, Pflug, Egge u. a.)<\/td>\n<\/tr>\n<tr>\n<td width=\"18%\">1782 \u2013 1787<\/td>\n<td width=\"81%\"><em>Dritte Ansiedlungswelle<\/em>: Der sog. gro\u00dfe Schwabenzug &gt; mehr als 7.600 deutsche Familien lassen sich in Ungarn nieder, davon allein 6.000 im Banat.<\/td>\n<\/tr>\n<tr>\n<td width=\"18%\">1785<\/td>\n<td width=\"81%\">Besiedlung des menschenleeren Ortes der Clarissinnen&nbsp;<em>Kirwa\/Kirva&nbsp;<\/em>im Kreis Gran. Bis Juni 1786 treffen die Ansiedler in 4 Gruppen v. a. aus dem Gebiet der oberen Donau und den Stift Fulda ein. Zur gleichen Zeit werden noch die Orte&nbsp;<em>Kier\/N\u00e9metk\u00e9r<\/em>&nbsp;(Kom. Tolnau),&nbsp;<em>Berczel&nbsp;<\/em>(Kom. Pesth),&nbsp;<em>Almasch\/B\u00e1csalm\u00e1s<\/em>&nbsp;(Batschka) und Kolosch\/Neutra besiedelt.<\/td>\n<\/tr>\n<tr>\n<td width=\"18%\">1787<\/td>\n<td width=\"81%\">Von der auf 9,2 Mio. angestiegenen Einwohnerzahl sind 3,4-3,7 Mio. (37-40%) ungarischer Nationalit\u00e4t. (&gt; s. Ende 15. Jahrh.).<\/td>\n<\/tr>\n<\/tbody>\n<\/table>\n<table style=\"font-weight: 400;\" width=\"100%\">\n<tbody>\n<tr>\n<td width=\"18%\">1790<\/td>\n<td width=\"81%\">70.000 deutsche Kolonisten leben in&nbsp;<em>S\u00fcdungarn<\/em>. &gt; Ver\u00e4nderung der ethnischen Situation<\/td>\n<\/tr>\n<tr>\n<td width=\"18%\">Ende des 18. Jahrh.<\/td>\n<td width=\"81%\">Zahl der Deutschen in Ungarn 1,1 Mio. (mit den jiddisch und deutsch sprechenden Juden 1,3 Mio.)<\/td>\n<\/tr>\n<tr>\n<td width=\"18%\">1840\u200b_<\/td>\n<td width=\"81%\">Von den 9,94 Mio. Einwohnern Ungarns (ohne Siebenb\u00fcrgen) sind 43,63% Ungarn, 10,25 Deutsche, 16,94 Slowaken, 12,22 Rum\u00e4nen; von den 1,7 Mio. Siebenb\u00fcrgen sind 28 % Ungarn, 13,11% Deutsche, 58,49% Rum\u00e4nen.<\/td>\n<\/tr>\n<tr>\n<td width=\"18%\">1848<\/td>\n<td width=\"81%\">15. M\u00e4rz: Sieg der&nbsp;<em>M\u00e4rz-Revolution<\/em>&nbsp;in Pesth &gt; Das deutsche B\u00fcrgertum ist teils daf\u00fcr, teils gegen die Revolution. 11. April: Neue Gesetze (M\u00e4rz-Gesetze) &gt; Grundlagen eines modernen b\u00fcrgerlichen Staates: Volksvertretung, Abschaffung der Leibeigenschaft, alle m\u00fcssen Steuern zahlen, Pressefreiheit u. a. &gt; Auch f\u00fcr Nichtungarn vorteilhaft, aber es fehlt ein Gesetz zur Gleichberechtigung der Nationalit\u00e4ten. Im&nbsp;<em>Freiheitskampf 1848\/1849<\/em>&nbsp;gegen die Habsburger stehen die UD auf der Seite der Ungarn. Sie k\u00e4mpfen als einfache Soldaten und manche von ihnen geh\u00f6ren der milit\u00e4rischen F\u00fchrung an.<\/td>\n<\/tr>\n<tr>\n<td width=\"18%\">1849\u200b_\u200b_<\/td>\n<td width=\"81%\">28. Juli: Gesetz \u00fcber die Rechte der Nationalit\u00e4ten; 13. August: Kapitulation der Ungarn bei&nbsp;<em>Vil\u00e1gos&nbsp;<\/em>vor den zur Hilfe gerufenen Russsen; 6. Oktober: Hinrichtung der 13&nbsp;<em>M\u00e4rtyrer von Arad<\/em>: 5 von ihnen waren einheimische Deutsche, \u00d6sterreicher bzw. Reichsdeutsche. [Siehe dazu&nbsp;<a href=\"http:\/\/www.ungarndeutsche.de\/wp\/geschichte\/geschichte-der-ungarndeutschen\/maertyrer-von-arad\/\">Die M\u00e4rtyrer von Arad<\/a>] Die Siebenb\u00fcrger Sachsen sind &#8211; zusammen mit den Rum\u00e4nen &#8211; gegen den Freiheitskampf der Ungarn und unterst\u00fctzen die Habsburger. Siebenb\u00fcrgen wird Kronland \u00d6sterreichs. [Tabelle \u00fcber die Zusammensetzung der&nbsp;<a href=\"http:\/\/www.ungarndeutsche.de\/wp\/wp-content\/uploads\/2018\/03\/Assimilierung-Ofen_Pest.doc\">Bev\u00f6lkerung in Ofen und Pesth<\/a>]<\/td>\n<\/tr>\n<tr>\n<td width=\"18%\">1867<\/td>\n<td width=\"81%\">Ausgleich zwischen \u00d6sterreich und Ungarn&nbsp;<em>(Ausgleichsgesetz&nbsp;<\/em>XII\/1867<sup>1<\/sup>): Ungarn wird &#8211; seit 1526 &#8211; wieder unabh\u00e4ngig, bis auf die Verteidigungs- und Au\u00dfenpolitik sowie deren Finanzierung. Siebenb\u00fcrgen wieder Kronland Ungarns. Die F\u00fchrer der Nationalit\u00e4ten bef\u00fcrchten die Unterdr\u00fcckung ihrer V\u00f6lker durch die \u00d6sterreicher und Ungarn. [<a href=\"http:\/\/www.ungarndeutsche.de\/wp\/wp-content\/uploads\/2018\/03\/Intellektuellen-der-UD_Mayer.doc\">Die Intellektuellen<\/a>&nbsp;der Deutschen in Ungarn]<\/td>\n<\/tr>\n<tr>\n<td width=\"18%\">1868<\/td>\n<td width=\"81%\"><em>Nationalit\u00e4tengesetz<\/em>: Ungarn verspricht die Einf\u00fchrung des muttersprachlichen Unterrichts in den Schulen, Gr\u00fcndung von Lehrst\u00fchlen f\u00fcr Nationalit\u00e4tensprachen an den Universit\u00e4ten. Die Umsetzung ist unzureichend: Die positiven M\u00f6glichkeiten bleiben ungenutzt, die negativen dagegen werden voll ausgesch\u00f6pft. [Siehe dazu&nbsp;&nbsp;Madjarisierung&nbsp;in Kischludt&nbsp; in dem&nbsp;<a href=\"http:\/\/www.ungarndeutsche.de\/wp\/geschichte\/geschichte-der-ungarndeutschen\/kollektiv-madjarisierung\/\">Artikel \u00fcbers gleiche Thema&nbsp;<\/a>von Emil Magvas; Tabelle&nbsp;<a href=\"http:\/\/www.ungarndeutsche.de\/wp\/wp-content\/uploads\/2018\/03\/Kischludt_Magyarisierung-der-Familiennamen_Tabelle.pdf\">der madjarisierten Familiennamen]<\/a>&nbsp;Politische Stabilit\u00e4t erm\u00f6glicht wirtschaftlichen Aufschwung. &gt; Der verst\u00e4rkte Arbeitskr\u00e4ftebedarf wird von UD, Slowaken und Juden gedeckt. Hinzu kommen noch deutschsprachige Fachleute aus \u00d6sterreich, den \u00f6sterreichischen Erbl\u00e4ndern und Deutschland. &gt; s. 1890 und 1910;&nbsp;<a href=\"http:\/\/www.ungarndeutsche.de\/wp\/wp-content\/uploads\/2018\/03\/diagramme.doc\">Assimilierung&nbsp;<\/a>nach 1848<\/td>\n<\/tr>\n<tr>\n<td width=\"18%\">1876<\/td>\n<td width=\"81%\">Aufhebung der s\u00e4chsisch-siebenb\u00fcrgischen Autonomie &gt; Gr\u00fcndung der S\u00e4chsischen Volkspartei: Unterst\u00fctzt die Regierung, um so die Interessen der Siebenb\u00fcrger Sachsen zu wahren.<\/td>\n<\/tr>\n<tr>\n<td width=\"18%\">1880<\/td>\n<td width=\"81%\">Anzahl der&nbsp;<em>Volksschulen<\/em>&nbsp;mit deutscher Unterrichtssprache 867<\/td>\n<\/tr>\n<tr>\n<td width=\"18%\">1890<\/td>\n<td width=\"81%\">55% der Fabrikarbeiter sind Nichtungarn. Zahl der&nbsp;<a href=\"http:\/\/www.ungarndeutsche.de\/wp\/wp-content\/uploads\/2018\/03\/ud_Demographie_-Branau.doc\">Ungarndeutschen in der Branau<\/a><\/td>\n<\/tr>\n<tr>\n<td width=\"18%\">Ende des 19. Jahrh.<\/td>\n<td width=\"81%\">Siebenb\u00fcrgen und Zips verlieren ihre fr\u00fchere Bedeutung. &gt; Anteil der Deutschen Ende des 19. Jahrh. in W-Ungarn (Burgenland): 65%, der Schw\u00e4bischen T\u00fcrkei: 67%, der Batschka: 44%, Komitat Temesch: 42%, Komitat Torontal: 48%, der Tatra (Zips): 37% und der Fatra: 31%.<\/td>\n<\/tr>\n<\/tbody>\n<\/table>\n","protected":false},"excerpt":{"rendered":"<p>&nbsp; Bis Anfang des 18. Jahrh. Abnahme der Bev\u00f6lkerung Ungarns auf 3,5 Mio. &gt; V. a. die ehemals t\u00fcrkisch besetzten Gebiete sind menschenleer. &gt; Ver\u00e4nderung der ethnischen Struktur durch Zuzug von nichtungarischen Siedlern aus dem In- und Ausland. 1689\u200b_ Erzbischof &hellip; <a href=\"http:\/\/www.ungarndeutsche.de\/wp\/geschichte\/geschichte-der-ungarndeutschen-ii\/\">Weiterlesen <span class=\"meta-nav\">&rarr;<\/span><\/a><\/p>\n","protected":false},"author":1,"featured_media":0,"parent":390,"menu_order":0,"comment_status":"closed","ping_status":"closed","template":"","meta":{"ngg_post_thumbnail":0,"footnotes":""},"class_list":["post-487","page","type-page","status-publish","hentry"],"_links":{"self":[{"href":"http:\/\/www.ungarndeutsche.de\/wp\/wp-json\/wp\/v2\/pages\/487","targetHints":{"allow":["GET"]}}],"collection":[{"href":"http:\/\/www.ungarndeutsche.de\/wp\/wp-json\/wp\/v2\/pages"}],"about":[{"href":"http:\/\/www.ungarndeutsche.de\/wp\/wp-json\/wp\/v2\/types\/page"}],"author":[{"embeddable":true,"href":"http:\/\/www.ungarndeutsche.de\/wp\/wp-json\/wp\/v2\/users\/1"}],"replies":[{"embeddable":true,"href":"http:\/\/www.ungarndeutsche.de\/wp\/wp-json\/wp\/v2\/comments?post=487"}],"version-history":[{"count":3,"href":"http:\/\/www.ungarndeutsche.de\/wp\/wp-json\/wp\/v2\/pages\/487\/revisions"}],"predecessor-version":[{"id":975,"href":"http:\/\/www.ungarndeutsche.de\/wp\/wp-json\/wp\/v2\/pages\/487\/revisions\/975"}],"up":[{"embeddable":true,"href":"http:\/\/www.ungarndeutsche.de\/wp\/wp-json\/wp\/v2\/pages\/390"}],"wp:attachment":[{"href":"http:\/\/www.ungarndeutsche.de\/wp\/wp-json\/wp\/v2\/media?parent=487"}],"curies":[{"name":"wp","href":"https:\/\/api.w.org\/{rel}","templated":true}]}}