{"id":565,"date":"2018-03-28T11:04:53","date_gmt":"2018-03-28T11:04:53","guid":{"rendered":"http:\/\/www.ungarndeutsche.de\/wp\/?page_id=565"},"modified":"2018-03-28T11:04:53","modified_gmt":"2018-03-28T11:04:53","slug":"haus-der-ungarndeutschen-hdu-budapest","status":"publish","type":"page","link":"http:\/\/www.ungarndeutsche.de\/wp\/organisationen-bildungseinrichtungen\/haus-der-ungarndeutschen-hdu-budapest\/","title":{"rendered":"Haus der Ungarndeutschen (HdU) Budapest"},"content":{"rendered":"<p style=\"font-weight: 400;\">In der N\u00e4he des Heldenplatzes,\u00a0in der Lendvay utca 22 befindet sich das HdU. Es wurde im Sommer 2000 eingeweiht. Die dreist\u00f6ckige Villa wurde 1996 zum Preis von 50 Mio. Forint erworben. Die Kosten f\u00fcr die Rekonstruktion, die von einer Stuttgarter Firma ausgef\u00fchrt wurde, lagen bei rund 300 Mio. Forint. Das Haus bietet Platz f\u00fcr die Arbeitsr\u00e4ume der LdU und der ungarndeutschen Vereine, verf\u00fcgt \u00fcber verschiedene Veranstaltungsr\u00e4ume und G\u00e4stezimmer und wird auch eine Bibliothek beherbergen. Die Redaktion des ungarndeutschen Wochenblattes &#8222;Neue Zeitung&#8220; und der Jakob Bleyer Verien mit seinem Sonntagsblatt fand hier eine neue Bleibe.<\/p>\n<p style=\"font-weight: 400;\">Finanziert wurde der Kauf und die vollst\u00e4ndige Renovierung mit Geldern der deutschen Steuerzahler durch das\u00a0\u00a0Bundesinnenministerium.<\/p>\n<p style=\"font-weight: 400;\">Seither finden hier verschiedene kulturelle Veranstaltungen der Ungarndeutschen statt, wie Dichterlesungen, Ausstellungen, Konzerte und wissenschaftliche Diskussionsabende u. a. statt.<\/p>\n<p style=\"font-weight: 400;\"><a href=\"http:\/\/www.hdu.hu\/uberhdu.php\">Mehr<\/a><\/p>\n","protected":false},"excerpt":{"rendered":"<p>In der N\u00e4he des Heldenplatzes,\u00a0in der Lendvay utca 22 befindet sich das HdU. Es wurde im Sommer 2000 eingeweiht. Die dreist\u00f6ckige Villa wurde 1996 zum Preis von 50 Mio. Forint erworben. Die Kosten f\u00fcr die Rekonstruktion, die von einer Stuttgarter &hellip; <a href=\"http:\/\/www.ungarndeutsche.de\/wp\/organisationen-bildungseinrichtungen\/haus-der-ungarndeutschen-hdu-budapest\/\">Weiterlesen <span class=\"meta-nav\">&rarr;<\/span><\/a><\/p>\n","protected":false},"author":1,"featured_media":0,"parent":559,"menu_order":0,"comment_status":"closed","ping_status":"closed","template":"","meta":{"ngg_post_thumbnail":0,"footnotes":""},"class_list":["post-565","page","type-page","status-publish","hentry"],"_links":{"self":[{"href":"http:\/\/www.ungarndeutsche.de\/wp\/wp-json\/wp\/v2\/pages\/565","targetHints":{"allow":["GET"]}}],"collection":[{"href":"http:\/\/www.ungarndeutsche.de\/wp\/wp-json\/wp\/v2\/pages"}],"about":[{"href":"http:\/\/www.ungarndeutsche.de\/wp\/wp-json\/wp\/v2\/types\/page"}],"author":[{"embeddable":true,"href":"http:\/\/www.ungarndeutsche.de\/wp\/wp-json\/wp\/v2\/users\/1"}],"replies":[{"embeddable":true,"href":"http:\/\/www.ungarndeutsche.de\/wp\/wp-json\/wp\/v2\/comments?post=565"}],"version-history":[{"count":1,"href":"http:\/\/www.ungarndeutsche.de\/wp\/wp-json\/wp\/v2\/pages\/565\/revisions"}],"predecessor-version":[{"id":566,"href":"http:\/\/www.ungarndeutsche.de\/wp\/wp-json\/wp\/v2\/pages\/565\/revisions\/566"}],"up":[{"embeddable":true,"href":"http:\/\/www.ungarndeutsche.de\/wp\/wp-json\/wp\/v2\/pages\/559"}],"wp:attachment":[{"href":"http:\/\/www.ungarndeutsche.de\/wp\/wp-json\/wp\/v2\/media?parent=565"}],"curies":[{"name":"wp","href":"https:\/\/api.w.org\/{rel}","templated":true}]}}