{"id":87,"date":"2018-03-12T12:18:06","date_gmt":"2018-03-12T12:18:06","guid":{"rendered":"http:\/\/www.ungarndeutsche.de\/wp\/?page_id=87"},"modified":"2018-04-03T10:25:35","modified_gmt":"2018-04-03T10:25:35","slug":"vokabular-zur-ahnenforschung","status":"publish","type":"page","link":"http:\/\/www.ungarndeutsche.de\/wp\/ahnenforschung\/ahnenforschungs-artikel\/vokabular-zur-ahnenforschung\/","title":{"rendered":"Vokabular zur Ahnenforschung"},"content":{"rendered":"<p style=\"font-weight: 400;\">Vokabular zur Ahnenforschung von Anton Tressel, 92 S., folienkaschiertes Taschenbuch (105&#215;165 mm), Bous, Sept. 2007; Preis: 8,95 \u20ac + Versand (Inland: 1,45 \u20ac, Ausland:&nbsp;3,20 \u20ac). Lieferung nur gegen Vorauskasse. Zu bestellen: A. Tressel, Dechant-Wagner-Str. 6, D\u201366359 Bous, Tel.: 06834-1764 oder E-Mail: Ahnenforscher sto\u00dfen in den Matrikeln der Pfarreien immer wieder auf&nbsp;fremdsprachige Eintr\u00e4ge. Die Kirchenb\u00fccher wurden in Ungarn n\u00e4mlich lange Zeit in Lateinisch gef\u00fchrt. Aber selbst, wenn sie auf Ungarisch gef\u00fchrt wurden, gibt es Probleme, da die meisten j\u00fcngeren Forscher auch kein Ungarisch k\u00f6nnen. Aber selbst, wenn jemand ungarisch kann, gibt es Probleme mit den Aufzeichnungen, denn die ungarischen Krankheits- und Berufsnamen haben sich seit dem 18. Jahrhundert gewandelt.Wer sich nicht mit dem Namen, Geburts-, Heirats- und Sterbedatum seiner Vorfahren begn\u00fcgen will, der ben\u00f6tigt ein W\u00f6rterverzeichnis, in dem die lateinischen\/griechischen Berufs-, Krankheitsnamen oder Todesursachen verzeichnet sind. Der Autor dieser Zeilen hat in m\u00fchsamer Sucharbeit in verschiedenen wissenschaftlichen Nachschlagewerken die meisten Begriffe herausgesucht. Sie sind alphabetisch geordnet: Lateinisch\/Griechisch\u2013Deutsch und Deutsch\u2013Lateinisch\/Griechisch. Dasselbe gilt auch f\u00fcr die WortsammlungUngarisch\u2013Deutsch und Deutsch\u2013Ungarisch. Mit diesem W\u00f6rterbuch wird es Ihnen leichter fallen, die Eintr\u00e4ge der Pfarrer zu verstehen. F\u00fcr Anf\u00e4nger enth\u00e4lt das Buch noch Ratschl\u00e4ge zur Ahnenforschung.<\/p>\n<p style=\"font-weight: 400;\">&gt; Siehe auch&nbsp;2. Auflage von &#8222;Vokabular zur Ahnenforschung&#8220;&nbsp;!<\/p>\n","protected":false},"excerpt":{"rendered":"<p>Vokabular zur Ahnenforschung von Anton Tressel, 92 S., folienkaschiertes Taschenbuch (105&#215;165 mm), Bous, Sept. 2007; Preis: 8,95 \u20ac + Versand (Inland: 1,45 \u20ac, Ausland:&nbsp;3,20 \u20ac). Lieferung nur gegen Vorauskasse. Zu bestellen: A. Tressel, Dechant-Wagner-Str. 6, D\u201366359 Bous, Tel.: 06834-1764 oder &hellip; <a href=\"http:\/\/www.ungarndeutsche.de\/wp\/ahnenforschung\/ahnenforschungs-artikel\/vokabular-zur-ahnenforschung\/\">Weiterlesen <span class=\"meta-nav\">&rarr;<\/span><\/a><\/p>\n","protected":false},"author":1,"featured_media":0,"parent":19,"menu_order":0,"comment_status":"closed","ping_status":"closed","template":"","meta":{"ngg_post_thumbnail":0,"footnotes":""},"class_list":["post-87","page","type-page","status-publish","hentry"],"_links":{"self":[{"href":"http:\/\/www.ungarndeutsche.de\/wp\/wp-json\/wp\/v2\/pages\/87","targetHints":{"allow":["GET"]}}],"collection":[{"href":"http:\/\/www.ungarndeutsche.de\/wp\/wp-json\/wp\/v2\/pages"}],"about":[{"href":"http:\/\/www.ungarndeutsche.de\/wp\/wp-json\/wp\/v2\/types\/page"}],"author":[{"embeddable":true,"href":"http:\/\/www.ungarndeutsche.de\/wp\/wp-json\/wp\/v2\/users\/1"}],"replies":[{"embeddable":true,"href":"http:\/\/www.ungarndeutsche.de\/wp\/wp-json\/wp\/v2\/comments?post=87"}],"version-history":[{"count":2,"href":"http:\/\/www.ungarndeutsche.de\/wp\/wp-json\/wp\/v2\/pages\/87\/revisions"}],"predecessor-version":[{"id":942,"href":"http:\/\/www.ungarndeutsche.de\/wp\/wp-json\/wp\/v2\/pages\/87\/revisions\/942"}],"up":[{"embeddable":true,"href":"http:\/\/www.ungarndeutsche.de\/wp\/wp-json\/wp\/v2\/pages\/19"}],"wp:attachment":[{"href":"http:\/\/www.ungarndeutsche.de\/wp\/wp-json\/wp\/v2\/media?parent=87"}],"curies":[{"name":"wp","href":"https:\/\/api.w.org\/{rel}","templated":true}]}}