{"id":139,"date":"2018-03-12T12:28:09","date_gmt":"2018-03-12T12:28:09","guid":{"rendered":"http:\/\/www.ungarndeutsche.de\/wp\/?page_id=139"},"modified":"2018-03-12T12:28:09","modified_gmt":"2018-03-12T12:28:09","slug":"felsogalla-obergalla","status":"publish","type":"page","link":"https:\/\/www.ungarndeutsche.de\/wp\/ahnenforschung\/ahnenforschungs-artikel\/felsogalla-obergalla\/","title":{"rendered":"Fels\u00f5galla \/ Obergalla"},"content":{"rendered":"<h3><\/h3>\n<table style=\"font-weight: 400;\" width=\"100%\">\n<tbody>\n<tr>\n<td width=\"100%\"><strong>Die ersten deutschen Ansiedler<sup>1<\/sup>\u00a0von<\/p>\n<p>Obergalla\/Fels\u00f5galla<sup>2<\/sup><\/strong><\/p>\n<p>von Anton Tressel<\/td>\n<\/tr>\n<tr>\n<td width=\"100%\"><strong>Familien- u. Vorname Herkunftsort Ansiedlungsjahr<\/strong><sup>3<\/sup><br \/>\nEidler<sup>5\u00a0<\/sup>Oswald Wiesmath\/N\u00d6 1735<br \/>\nZam, Saam oder Sahm<sup>6<\/sup>\u00a0Martin ?Holzkirchen<sup>7\u00a0<\/sup>oder (Ehingen-)Volkersheim<sup>8<\/sup>\u00a01735<br \/>\nDarmst\u00e4dter Nikolaus Zornheim \u00f6stl. Niederolm 1735<br \/>\n?Feth<sup>9<\/sup>\u00a0Johann ?Bischbrunn \u00fc. Marktheidenfeld\/Unterfranken 1737 (?1748)<br \/>\nFink Konrad St. M\u00e4rgen, Schwarzwald 1737<br \/>\nFratz Nikolaus ?Dietershausen (h. K\u00fcnzell) \u00f6stl. Fulda 1735<br \/>\n?Ratzinger<sup>10<\/sup>\u00a0Mathias Priebelsdorf (heute bei K\u00fchnsdorf\/K\u00e4rnten 1737<br \/>\nFokin<sup>11<\/sup>\u00a0Nikolaus ?Wittersheim<sup>12<\/sup>, Elsass 1737<br \/>\nGreff Gottfried ?Gemmerich \u00fcber Nast\u00e4tten\/Taunus 1734<br \/>\nGrof Martin ?Niedereschbach \u00fcber Villingen\/Schwarzwald 1736<br \/>\nHauser Thomas ?Aasen<sup>13<\/sup>\u00a0\u00fcber Donaueschingen\/Schwarzwald 1735<br \/>\nHausmann Anton Unadingen \u00fcber Donaueschingen\/Schwarzwald 1735<br \/>\nHeer Josef Kinzigtal &gt; Wolfach \/Schwarzwald 1737<br \/>\nHeldmann Georg ?Ingenheim \u00fcber Landau\/Pfalz 1736<br \/>\nHeller Valentin Zs\u00e1mb\u00e9k 1735<br \/>\nHerzog Josef ?Ursenbach\/Schweiz 1735<br \/>\nHock Johann ?Sch\u00f6nborn (Donnersberg-Kreis oder Rhein-Hunsr\u00fcck-Kreis 1734<br \/>\nHuber Georg ?Deggendorf\/Bayern 1735<br \/>\nKeller Stefan ?F\u00fctzen \u00fc. Waldshut 1735<br \/>\nK\u00f6nig Georg Hirschaid \u00fc. Bamberg 1737<br \/>\nKopp Stefan Eberau \u00fc. Bamberg 1735<br \/>\nKreis Mathias Wiesen \u00fc. Fulda oder \u00fc. Hellenthal\/Eifel 1735<br \/>\nKugler<sup>14<\/sup>\u00a0Michael Poberseegrund &gt; Poberbach &gt; Greifenburg\/K\u00e4rnten 1734<br \/>\nKuntz, Peter ?1737<br \/>\nLehmbauer<sup>15<\/sup>\u00a0Johann keine Angaben k. A.<sup>4<\/sup><br \/>\nLobenwein Franz ?Ulmet\/Baumholder 1737<br \/>\nM\u00fcnzer Thomas Kirchen-Hausen<sup>16<\/sup>\u00a0\u00fc. Donaueschingen 1734<br \/>\nAdler<sup>17<\/sup>\u00a0Martin Minihof-Liebau\/h. Burgenland 1735<br \/>\n?Aschenbrenner<sup>18<\/sup>\u00a0Jakob Hohe Wand\/N\u00d6 oder Hohenau\/N\u00d6 1735<br \/>\nBaumgartner<sup>19<\/sup>\u00a0Stefan Wulzeshofen\/N\u00d6 1735<br \/>\nBaumann Christoph ?Bassersdorf\/Schweiz 1735<br \/>\n?Felsacker<sup>20<\/sup>\u00a0Josef Kirchen-Hausen \u00fc. Donaueschingen 1736<br \/>\n?B\u00fcttner<sup>21<\/sup>\u00a0Nikolaus Geiselwind\/Franken 1735<br \/>\nPichler<sup>22<\/sup>\u00a0Jakob Promberg &gt; Annaberg-Lung\u00f6tz\/Salzburg 1735<br \/>\n?Bader Franz ?Merishausen\/Schweiz 1737<br \/>\n?Ratenpersel<sup>23<\/sup>\u00a0Andreas Weiz\/Steiermark 1736<br \/>\n?Rauschenbach Martin Eberau \u00fcber Bamberg 1735<br \/>\nReblein Pankratz ?Gernach \u00fc. Schweinfurt 1735<br \/>\nRiedl Johann ?Altheim \u00fc. Landshut\/Bayern 1737<br \/>\n?Ruch\/Ruck<sup>24<\/sup>\u00a0Nikolaus ?Spittelstein \u00fc. Coburg 1735<br \/>\nRuppl Johann Hallerndorf \u00fc. Forchheim 1734<br \/>\nSeichter Georg Neudorf\/Schlesien 1735<br \/>\nSchabauer Michael Winden am See\/h. Burgenland 1734<br \/>\nSpatz Anton Moskwitz, M\u00e4hren 1736<br \/>\n?Sp\u00e4tner<sup>25<\/sup>\u00a0Johann ?Hoch Weisel \u00fc. Butzbach\/Hessen 1735<br \/>\n?Schuppinger Johann Nezsider (h. Neusiedel am See)\/Burgenland 1736<br \/>\nSchwanauer<sup>26<\/sup>\u00a0Ulrich Nagykov\u00e1csi, Pest m. 1735<br \/>\nSzegv\u00e1ri Mih\u00e1ly Nagykov\u00e1csi, Pest m. 1735<br \/>\nUlrich Mathias k. A. k. A.<br \/>\nWendling Johann ?Spaichingen\/Schw\u00e4b. Alb\/W\u00fcrttemberg 1737<br \/>\nWolter Johann Sulzfeld\/Grabfeld, Unterfranken 1735<\/td>\n<\/tr>\n<tr>\n<td width=\"100%\"><sup>1<\/sup>\u00a0Nach einer Esterh\u00e1zy-Handschrift-Akte im Ungarischen Staatsarchiv aus 1737; Erstbearbeiter: J. Fatuska und Gy. Kaptay, in: Limes 1999; Von ihnen konnten viele Familiennamen und Herkunftsorte, da sie in der Akte entstellt sind, nur ungenau wiedergegeben werden. Bei der Neubearbeitung konnte ich zahlreiche Unklarheiten beseitigen. Dennoch bleiben manche offene Fragen.<br \/>\n<sup>2\u00a0<\/sup>Heute Stadtteil von Tatab\u00e1nya;<br \/>\n<sup>3\u00a0<\/sup>Ein Fragezeichen vor dem jeweiligen Wort bedeutet eine unsichere Angabe.<br \/>\n<sup>4\u00a0<\/sup>k. A. = keine Angaben;<br \/>\n<sup>5\u00a0<\/sup>In ganz \u00d6sterreich kommt der FN Eidler 242-mal vor, in Wiesmath 19-mal.<br \/>\n<sup>6\u00a0<\/sup>Sahm ist der FN, der sp\u00e4ter als Sz\u00e1m geschrieben auch im 20. Jh. noch in Obergalla vorkam. In der Schweiz kommt heute sowohl Zahm (28x) als auch Sahm (31x) als FN vor. Siehe FN 7.<br \/>\n<sup>7\u00a0<\/sup>Wegen des Zusatzes ,Svevia&#8216; kommt als Herkunftsort eher Holzkirchen (h. 86676 Ehekirchen) in Frage. Zumal dort heute noch ein Saam lebt.<br \/>\n<sup>8<\/sup>\u00a0Nach Zolt\u00e1n Saam aus Obergalla ist der Herkunftsort 89584 Ehingen-Volkersheim! Hier wohnen heute noch zwei Familien mit dem Namen Sahm und zehn mit Saum. Letzterer kann im Dialekt auch als Saam gesprochen werden.<br \/>\n<sup>9\u00a0<\/sup>J. Feth wanderte 1748 aus Bischbrunn nach Ungarn aus (Pfrenzinger S.65).<br \/>\n<sup>10<\/sup>\u00a0Ratzinger ist in \u00d6sterreich 183-mal anzutreffen.<br \/>\n<sup>11\u00a0<\/sup>Fokin kommt heute als FN v. a. bei russlanddeutschen Sp\u00e4taussiedlern vor.<br \/>\n<sup>12\u00a0<\/sup>Liegt s\u00fcdwestlich der Stadt Haguenau.<br \/>\n<sup>13\u00a0<\/sup>In Aasen gibt es heute noch 6 Familien mit dem Namen Hauser.<br \/>\n<sup>14\u00a0<\/sup>Kugler kommt in \u00d6sterreich 811-mal, in K\u00e4rnten 22-mal.<br \/>\n<sup>15\u00a0<\/sup>Den FN Lehmbauer gibt es heute in Deutschland nicht mehr, aber daf\u00fcr Lehmbeck.<br \/>\n<sup>16\u00a0<\/sup>In Kirchen-Hausen kommt der FN M\u00fcnzer heute noch 7-mal vor.<br \/>\n<sup>17\u00a0<\/sup>Odler ist die Mundartform von Adler. Dieser FN kommt in Burgenland 23-mal, in ganz \u00d6sterreich 731-mal vor.<br \/>\n<sup>18\u00a0<\/sup>Der FN Aschenbrenner kommt in \u00d6sterreich 313-mal vor, in Hohe Wand 3-mal.<br \/>\n<sup>19\u00a0<\/sup>In Wulzeshofen kommt der FN Baumgartner 2-mal vor.<br \/>\n<sup>20\u00a0<\/sup>Hier kommt wahrscheinlich nur der FN Felsacker in Frage, da Pelzacker keinen Sinn ergibt.<br \/>\n<sup>21\u00a0<\/sup>B\u00fcttner kommt in Geiselwind heute einmal vor.<br \/>\n<sup>22\u00a0<\/sup>Pichler ist in \u00d6sterreich 8891-mal anzutreffen, aber nur einmal in Lung\u00f6tz.<br \/>\n<sup>23\u00a0<\/sup>Dieser FN kommt nirgends vor, d. h. in dieser Form gibt es ihn nicht.<br \/>\n<sup>24\u00a0<\/sup>In Spittelstein kommt der FN Ruck heute noch einmal vor.<br \/>\n<sup>25\u00a0<\/sup>Sp\u00e4tner kommt nur einmal in Deutschland vor, Spetner gar nicht.<br \/>\n<sup>26\u00a0<\/sup>Dieser FN ist im Gro\u00dfraum Stuttgart \u00f6fters anzutreffen.<\/td>\n<\/tr>\n<\/tbody>\n<\/table>\n","protected":false},"excerpt":{"rendered":"<p>Die ersten deutschen Ansiedler1\u00a0von Obergalla\/Fels\u00f5galla2 von Anton Tressel Familien- u. Vorname Herkunftsort Ansiedlungsjahr3 Eidler5\u00a0Oswald Wiesmath\/N\u00d6 1735 Zam, Saam oder Sahm6\u00a0Martin ?Holzkirchen7\u00a0oder (Ehingen-)Volkersheim8\u00a01735 Darmst\u00e4dter Nikolaus Zornheim \u00f6stl. Niederolm 1735 ?Feth9\u00a0Johann ?Bischbrunn \u00fc. Marktheidenfeld\/Unterfranken 1737 (?1748) Fink Konrad St. M\u00e4rgen, Schwarzwald 1737 &hellip; <a href=\"https:\/\/www.ungarndeutsche.de\/wp\/ahnenforschung\/ahnenforschungs-artikel\/felsogalla-obergalla\/\">Weiterlesen <span class=\"meta-nav\">&rarr;<\/span><\/a><\/p>\n","protected":false},"author":1,"featured_media":0,"parent":19,"menu_order":0,"comment_status":"closed","ping_status":"closed","template":"","meta":{"ngg_post_thumbnail":0,"footnotes":""},"class_list":["post-139","page","type-page","status-publish","hentry"],"_links":{"self":[{"href":"https:\/\/www.ungarndeutsche.de\/wp\/wp-json\/wp\/v2\/pages\/139","targetHints":{"allow":["GET"]}}],"collection":[{"href":"https:\/\/www.ungarndeutsche.de\/wp\/wp-json\/wp\/v2\/pages"}],"about":[{"href":"https:\/\/www.ungarndeutsche.de\/wp\/wp-json\/wp\/v2\/types\/page"}],"author":[{"embeddable":true,"href":"https:\/\/www.ungarndeutsche.de\/wp\/wp-json\/wp\/v2\/users\/1"}],"replies":[{"embeddable":true,"href":"https:\/\/www.ungarndeutsche.de\/wp\/wp-json\/wp\/v2\/comments?post=139"}],"version-history":[{"count":1,"href":"https:\/\/www.ungarndeutsche.de\/wp\/wp-json\/wp\/v2\/pages\/139\/revisions"}],"predecessor-version":[{"id":140,"href":"https:\/\/www.ungarndeutsche.de\/wp\/wp-json\/wp\/v2\/pages\/139\/revisions\/140"}],"up":[{"embeddable":true,"href":"https:\/\/www.ungarndeutsche.de\/wp\/wp-json\/wp\/v2\/pages\/19"}],"wp:attachment":[{"href":"https:\/\/www.ungarndeutsche.de\/wp\/wp-json\/wp\/v2\/media?parent=139"}],"curies":[{"name":"wp","href":"https:\/\/api.w.org\/{rel}","templated":true}]}}