{"id":23,"date":"2018-03-12T12:00:37","date_gmt":"2018-03-12T12:00:37","guid":{"rendered":"http:\/\/www.ungarndeutsche.de\/wp\/?page_id=23"},"modified":"2018-04-02T20:15:01","modified_gmt":"2018-04-02T20:15:01","slug":"ahnenforschung-nach-doerfern-von-e-bis-m","status":"publish","type":"page","link":"https:\/\/www.ungarndeutsche.de\/wp\/ahnenforschung\/ahnenforschung-nach-doerfern-von-e-bis-m\/","title":{"rendered":"Ahnenforschung nach D\u00f6rfern von E bis M"},"content":{"rendered":"<p>&nbsp;<\/p>\n<table border=\"1\" width=\"378\" cellpadding=\"0\">\n<tbody>\n<tr>\n<td width=\"302\"><strong>Egyh\u00e1zaskoz\u00e1r\/Kosart<\/strong>, Baranya megye\/Komitat Branau:&nbsp;<a href=\"http:\/\/www.ungarndeutsche.de\/wp\/wp-content\/uploads\/2018\/03\/Egyhazaskozar.doc\" target=\"_blank\" rel=\"noopener\">Geschichtliches&nbsp;<\/a>\u00fcber die Gemeinde.&nbsp;<a href=\"http:\/\/www.ungarndeutsche.de\/wp\/wp-content\/uploads\/2018\/03\/Egyhazaskozar_Buchbesprechung.doc\" target=\"_blank\" rel=\"noopener\">Pfeiffer J\u00e1nos Egyh\u00e1zaskoz\u00e1r&nbsp;<\/a>c. n\u00e9met nyelv\u00fb k\u00f6nyv\u00e9nek ismertet\u00e9se<\/td>\n<\/tr>\n<tr>\n<td width=\"302\"><strong>Elek-Alm\u00e1skamar\u00e1s-Ottlaka<\/strong>, B\u00e9k\u00e9s megye\/Komitat Bekesch: \u201eDie Ahnenforschung in diesen drei Gemeinden ist soweit fertig, dass man von fast allen deutschen Namen wei\u00df, von welchen Ortschaften sie herkommen. &#8230;\u201cSippenbuch und CD-Rom sind vergriffen. Versuchen Sie es per Internet-Anzeige zu bekommen. Chronik der Familie Ament aus Elek ist fertig! Zu beziehen:&nbsp;<a href=\"mailto:joschi.ament@t-online.de\">joschi.ament@t-online.de<\/a>. (Mehr in: Unsere Post, 2001, Nr. 9, S.24); Ament, Andor:&nbsp;<em>Elek im 18. Jahrhundert von 1724 bis 1800<\/em>, 52 Seiten, eine genealogische Studie in Ungarisch, zu beziehen bei J. Schimpl.&nbsp;<a title=\"Elek\" href=\"http:\/\/www.ungarndeutsche.de\/wp\/wp-content\/uploads\/2018\/03\/Elek.doc\" target=\"_blank\" rel=\"noopener\">Elek<\/a>:&nbsp;Besiedlung im 18. Jahrhundert; Ferenc Szab\u00f3: Ansiedlung und Geschichte des Komitats B\u00e9k\u00e9s im 18-19. Jahrhundert, in: Beitr\u00e4ge zur Volkskunde der Ungarndeutschen, 1975, S. 37\u201365;&nbsp;<a title=\"Deutsche Siedlungen im Bekescher Komitat\" href=\"http:\/\/www.ungarndeutsche.de\/wp\/wp-content\/uploads\/2018\/03\/Bekeser-deutsche-Siedlungskarte.doc\" target=\"_blank\" rel=\"noopener\">Karte<\/a>; Maximilian Andreas Ament: Die Besiedlung von Elek nach der T\u00fcrkenherrschaft 1724-1800, Budapest-Baja 2006, zweisprachig deutsch-ungarisch, 161 S.<\/td>\n<\/tr>\n<tr>\n<td width=\"302\"><strong>Etyek\/Edeck<\/strong>, Fej\u00e9r megye\/Komitat Wei\u00dfenburg, Heimatbuch mit kurzer Zusammenfassung in Deutsch: Antal Geng: Etyek t\u00f6rt\u00e9nete, Etyek, 2005, 234 S.\/o.<\/td>\n<\/tr>\n<tr>\n<td width=\"302\"><strong>Fels\u00f5galla\/Obergalla (h. Tatab\u00e1nya-F.)<\/strong>, Kom\u00e1rom-Esztergom megye\/Komitat Komorn-Gran,<\/p>\n<p>Beginn der Ansiedlung durch die Esterh\u00e1zys in Tata\/Totis 1733; Herkunftsgebiete: Bistum Freiburg\/Schwarzwald 18%, \u00d6sterreich 14%, Bistum Bamberg und W\u00fcrzburg sowie Ungarn je 12%, Schweiz 8%, Bistum Mainz 6%, Bayern 4%, Rest aus dem Elsass, Schlesien und Darmstadt; Literatur: s. bei Agosty\u00e1n!&nbsp;<a href=\"http:\/\/www.ungarndeutsche.de\/wp\/wp-content\/uploads\/2018\/03\/Felsoegalla_Obergalla-Erstansiedler.doc\" target=\"_blank\" rel=\"noopener\">Els\u00f5 n\u00e9met betelep\u00fcl\u00f5k<\/a><\/td>\n<\/tr>\n<tr>\n<td width=\"302\"><strong>F\u00fbzv\u00f6lgy\/Freiweis<\/strong>,&nbsp;<strong>Hossz\u00fav\u00f6lgy, Ligetfalva, Milejszeg, N\u00e9metfalva<\/strong>, Zala megye\/Komitat Sala:&nbsp;<a title=\"F\u00fczv\u00f6lgy\" href=\"http:\/\/www.ungarndeutsche.de\/wp\/wp-content\/uploads\/2018\/03\/Fuezvoelgy_Zala.doc\" target=\"_blank\" rel=\"noopener\">Kurzer Hinweis auf Ansiedlungszeit und Herkunft<\/a><\/td>\n<\/tr>\n<tr>\n<td width=\"302\"><strong>Ganna (Nagy- und Kis-)<\/strong>, Veszpr\u00e9m megye\/Komitat Wesprim, Gro\u00df-G. wird von den Gutsherren Esterh\u00e1zy v. a. zwischen 1748 und 1756 mit deutschen Bauern aus Bayern und der Steiermark besiedelt. In Klein-G. wurden badische Kolonisten angesiedelt. Vereinzelt kamen auch einige kroatische Bauern, die sp\u00e4ter im Deutschtum aufgingen. Beide Orte sind seit 1940 zu Ganna vereint. Lit.: Josef Koller, Heimat am Rande des Bakonyer Waldes, Gannaer Heimatbuch, Leimersheim, 1982, Budig, 162 S.; R\u00e1cz Istv\u00e1n: Bakonyalj\u00e1n, erd\u00f5 sz\u00e9l\u00e9n&#8230;, D\u00f6br\u00f6nte \u00e9s Ganna \u00e9let\u00e9nek alakul\u00e1sa a XIX. \u00e9s XX. sz\u00e1zadban, P\u00e1pa, 1993, 48 o. Weitere B\u00fccher von J. Koller \u00fcber Ganna: 1) 1996 Gedanken-Gededenken-Gedichte. Gedichtband \u00fcber die Heimat und die Vertreibung. Noch vorr\u00e4tig; 1999 Unvergessene Heimat Ganna. Das gro\u00dfe Gannaer Heimatbuch. In 2006 nahezu vergriffen; 2) 2006 Vertreibung und Neubeginn, Kurzfassung der Orts-, Vertreibungs- und Ansiedlungsgeschichte mit zwei zus\u00e4tzlichen problemnahen Presseberichten zu diesem Thema. Dieses Buch ist noch lieferbar:&nbsp;Josef Koller (Forlenweg 20, D\u201376149 Karlruhe, Tel.: 0721\u2013700981)<\/td>\n<\/tr>\n<tr>\n<td width=\"302\"><strong>Gara:<\/strong>&nbsp;Literatur: Josef Gatti und Wendelin Peller: Die deutschen Familien von Gara in der Batschka<br \/>\n1737-1945, Sindelfingen 1997, Bezug: Josef Gatti, Jahnstra\u00dfe 46, 89155 Erbach<\/td>\n<\/tr>\n<tr>\n<td width=\"302\"><strong>Godisa\/Godischa<\/strong>,<strong>&nbsp;<\/strong>Baranya megye\/Komitat Branau; Nach Weidlein wurde es in den 1750-er Jahren mit Fuldaern neubesiedelt. Literatur: s. bei G\u00f6dre!<\/td>\n<\/tr>\n<tr>\n<td width=\"302\"><strong>G\u00f6dre\/Gedri<\/strong>, Baranya megye\/Komitat Branau, 1745 wurden Deutsche aus Holics und SW-Deutschland angesiedelt. Im Hauskalender 1986, S. 99\u2013100, berichtet Stefan Hartmann \u00fcber Auswanderer, die im Glan-M\u00fcnchweiler Kirchenbuch\/Westpfalz (im Leyen&#8217;schen Amt Blieskastel) registriert sind: So Balthasar Mei\u00dfinger Sch\u00e4fer in M\u00fcnchweiler und B\u00f6rsborn; Johann Wilhelm Sch\u00f6n Kuhhirt in Steinenbach 1742 nach Ungarn ausgewandert; Johann Wendelin Waal (Wahl); Johann Andreas Wolf aus Gries Auswanderungsjahr 1742; Christian Wolf \u2013 Bruder von J. A. Wolf. Literatur: Johann Weidlein: Die Schw\u00e4bische T\u00fcrkei I, S.82, M\u00fcnchen 1967<\/td>\n<\/tr>\n<tr>\n<td width=\"302\"><strong>Gyoma\/Djoma<\/strong>, B\u00e9k\u00e9s megye\/Komitat Bekesch, 1830 siedelte der bekannte Pester und Wiener Finanzfachmann, Samuel Wodianer, Deutsche aus Mez\u00f5ber\u00e9ny, Szemlak und Soltvadkert nach Gyoma um, begr\u00fcndete damit eine sog. Sekund\u00e4r-Siedlung. Die H\u00e4user der neuen Siedler nahmen in dem Deutschstadt (N\u00e9metv\u00e1ros) bezeichneten Stadtviertel zwei Stra\u00dfen ein. Die Zahl der Angesiedelten wird auf 30-40 Familien gesch\u00e4tzt. Literatur: Ferenc Szab\u00f3: Ansiedlung und Geschichte des Komitats B\u00e9k\u00e9s im 18-19. Jahrhundert, in: Beitr\u00e4ge zur Volkskunde der Ungarndeutschen, 1975, S. 37\u201365;&nbsp;<a title=\"Deutsche Siedlungen im Bekescher Komitat\" href=\"http:\/\/www.ungarndeutsche.de\/wp\/wp-content\/uploads\/2018\/03\/Bekeser-deutsche-Siedlungskarte.doc\" target=\"_blank\" rel=\"noopener\">Karte&nbsp;<\/a>; In Vorbereitung ist Stefan Maleth: Ortssippenbuch der evangelischen Gemeinde von Gyoma 1830-1918, Erscheinungstermin ca. 2010, Vorbestellung:&nbsp;<a href=\"mailto:malethi@gmail.com\">malethi@gmail.com<\/a>&nbsp;.<\/td>\n<\/tr>\n<tr>\n<td width=\"302\"><strong>Gy\u00f6rk\u00f6ny\/J\u00f6rging<\/strong>, Jerging, Tolna megye\/Komitat Tolnau, Beginn der Ansiedlung durch den Grundherren Meszl\u00e9nyi von 1718 mit ungarischen und lutherischen deutschen Heidebauern aus dem Burgenland, 1722 kamen noch lutherische Rheinfranken aus Hessen hinzu. Literatur: Johann Weidlein: Die Schw\u00e4bische T\u00fcrkei I, S.159, 190, M\u00fcnchen 1967; Heinz Noack, Jerking\/Gy\u00f6rk\u00f6ny \u2013 eine Gemeinde in der Tolnau, in: Unsere Post, Nov. 2001, Nr. 11, S. 29; Besiedlung der Gemeinden Gy\u00f6rk\u00f6ny, Gy\u00f6nk, Kakasd, Koz\u00e1r, T\u00f3f\u00fb u. a. in: Heinrich K\u00e9ri: Franken und Schwaben in Ungarn \u2013 Aufs\u00e4tze zur Geschichte der Tolnau und der Oberen Baranya; Neue-Zeitung-Stiftung, Budapest, 2002, 291 S.; Gernot Opitz verf\u00fcgt \u00fcber eine umfangreiche Datei zur Ahnenforschung von Gy\u00f6rk\u00f6ny und Umgebung. Interessenten wenden sich an folgende Adresse:&nbsp;<a href=\"mailto:info@ahnen.opitzfamily.de\">info@ahnen.opitzfamily.de<\/a><\/td>\n<\/tr>\n<\/tbody>\n<\/table>\n","protected":false},"excerpt":{"rendered":"<p>&nbsp; Egyh\u00e1zaskoz\u00e1r\/Kosart, Baranya megye\/Komitat Branau:&nbsp;Geschichtliches&nbsp;\u00fcber die Gemeinde.&nbsp;Pfeiffer J\u00e1nos Egyh\u00e1zaskoz\u00e1r&nbsp;c. n\u00e9met nyelv\u00fb k\u00f6nyv\u00e9nek ismertet\u00e9se Elek-Alm\u00e1skamar\u00e1s-Ottlaka, B\u00e9k\u00e9s megye\/Komitat Bekesch: \u201eDie Ahnenforschung in diesen drei Gemeinden ist soweit fertig, dass man von fast allen deutschen Namen wei\u00df, von welchen Ortschaften sie herkommen. &#8230;\u201cSippenbuch &hellip; <a href=\"https:\/\/www.ungarndeutsche.de\/wp\/ahnenforschung\/ahnenforschung-nach-doerfern-von-e-bis-m\/\">Weiterlesen <span class=\"meta-nav\">&rarr;<\/span><\/a><\/p>\n","protected":false},"author":1,"featured_media":0,"parent":17,"menu_order":0,"comment_status":"closed","ping_status":"closed","template":"","meta":{"ngg_post_thumbnail":0,"footnotes":""},"class_list":["post-23","page","type-page","status-publish","hentry"],"_links":{"self":[{"href":"https:\/\/www.ungarndeutsche.de\/wp\/wp-json\/wp\/v2\/pages\/23","targetHints":{"allow":["GET"]}}],"collection":[{"href":"https:\/\/www.ungarndeutsche.de\/wp\/wp-json\/wp\/v2\/pages"}],"about":[{"href":"https:\/\/www.ungarndeutsche.de\/wp\/wp-json\/wp\/v2\/types\/page"}],"author":[{"embeddable":true,"href":"https:\/\/www.ungarndeutsche.de\/wp\/wp-json\/wp\/v2\/users\/1"}],"replies":[{"embeddable":true,"href":"https:\/\/www.ungarndeutsche.de\/wp\/wp-json\/wp\/v2\/comments?post=23"}],"version-history":[{"count":2,"href":"https:\/\/www.ungarndeutsche.de\/wp\/wp-json\/wp\/v2\/pages\/23\/revisions"}],"predecessor-version":[{"id":917,"href":"https:\/\/www.ungarndeutsche.de\/wp\/wp-json\/wp\/v2\/pages\/23\/revisions\/917"}],"up":[{"embeddable":true,"href":"https:\/\/www.ungarndeutsche.de\/wp\/wp-json\/wp\/v2\/pages\/17"}],"wp:attachment":[{"href":"https:\/\/www.ungarndeutsche.de\/wp\/wp-json\/wp\/v2\/media?parent=23"}],"curies":[{"name":"wp","href":"https:\/\/api.w.org\/{rel}","templated":true}]}}